{"id":630,"date":"2023-02-05T23:13:17","date_gmt":"2023-02-05T21:13:17","guid":{"rendered":"https:\/\/sebastiancatana.ro\/?page_id=630"},"modified":"2023-03-10T16:36:46","modified_gmt":"2023-03-10T14:36:46","slug":"ordinului-anpc-201-2022","status":"publish","type":"page","link":"https:\/\/sebastiancatana.ro\/en\/ordinului-anpc-201-2022\/","title":{"rendered":"ordinul ANPC 201\/2022"},"content":{"rendered":"<p>Dieteticienii v\u0103 stau la dispozi\u021bie pentru implementarea ordinului ANPC 201.<\/p>\n<h3><strong>De ce s\u0103 alegi un dietetician?<\/strong><\/h3>\n<ul>\n<li>Avem o <strong>experien\u021b\u0103 consistent\u0103<\/strong> \u00een efectuarea calculelor calorice at\u00e2t \u00een colabor\u0103ri comerciale c\u00e2t \u0219i la nivel clinic;<\/li>\n<li>Folosim <strong>baze de date oficiale cu valori nutri\u021bionale (aprobate de autorit\u0103\u021bi al nivel na\u021bional \u0219i interna\u021bional)<\/strong>, \u0219i evit\u0103m folosirea surselor neverificate (site-uri sau aplica\u021bii ter\u021be) care pot con\u021bine erori;<\/li>\n<li><strong>Cunoa\u0219tem \u00eendeaproape cerin\u021bele<\/strong> Ordinului 201 ANPC c\u00e2t \u0219i a Regulamentului EU 1169 care st\u0103 la baza etichet\u0103rii \u0219i afi\u0219\u0103rii informa\u021biilor nutri\u021bionale de interes public;<\/li>\n<li>Spre diferen\u021b\u0103 de celelalte meserii din domeniul nutri\u021biei, aplica\u021bii \u0219i site-uri de calcul caloric, dieteticianul \u00ee\u0219i <strong>asum\u0103 responsabilitatea<\/strong> prin \u00eencheierea unui contract \u0219i aplicarea parafei de dietetician pe fiecare re\u021bet\u0103 calculat\u0103<\/li>\n<\/ul>\n<p>Mai jos ve\u021bi g\u0103si detalii relevante privind implementarea acestor reglement\u0103ri.<\/p>\n<p><strong>Pentru mai multe detalii, v\u0103 stau la dispozi\u021bie: <a href=\"https:\/\/sebastiancatana.ro\/en\/contact\/\">contact<\/a>.<\/strong><\/p>\n\t\t\t\t\t\t\t<style>\r\n\t\t\t\t<style>\r\n#wpsm_accordion_647 .wpsm_panel-heading{\r\n\tpadding:0px !important;\r\n}\r\n#wpsm_accordion_647 .wpsm_panel-title {\r\n\tmargin:0px !important; \r\n\ttext-transform:none !important;\r\n\tline-height: 1 !important;\r\n}\r\n#wpsm_accordion_647 .wpsm_panel-title a{\r\n\ttext-decoration:none;\r\n\toverflow:hidden;\r\n\tdisplay:block;\r\n\tpadding:0px;\r\n\tfont-size: 21px !important;\r\n\tfont-family: Open Sans !important;\r\n\tcolor:#ff0060 !important;\r\n\tborder-bottom:0px !important;\r\n}\r\n\r\n#wpsm_accordion_647 .wpsm_panel-title a:focus {\r\noutline: 0px !important;\r\n}\r\n\r\n#wpsm_accordion_647 .wpsm_panel-title a:hover, #wpsm_accordion_647 .wpsm_panel-title a:focus {\r\n\tcolor:#ff0060 !important;\r\n}\r\n#wpsm_accordion_647 .acc-a{\r\n\tcolor: #ff0060 !important;\r\n\tbackground-color:#e8e8e8 !important;\r\n\tborder-color: #ddd;\r\n}\r\n#wpsm_accordion_647 .wpsm_panel-default > .wpsm_panel-heading{\r\n\tcolor: #ff0060 !important;\r\n\tbackground-color: #e8e8e8 !important;\r\n\tborder-color: #e8e8e8 !important;\r\n\tborder-top-left-radius: 0px;\r\n\tborder-top-right-radius: 0px;\r\n}\r\n#wpsm_accordion_647 .wpsm_panel-default {\r\n\t\tborder:1px solid transparent !important;\r\n\t}\r\n#wpsm_accordion_647 {\r\n\tmargin-bottom: 20px;\r\n\toverflow: hidden;\r\n\tfloat: none;\r\n\twidth: 100%;\r\n\tdisplay: block;\r\n}\r\n#wpsm_accordion_647 .ac_title_class{\r\n\tdisplay: block;\r\n\tpadding-top: 12px;\r\n\tpadding-bottom: 12px;\r\n\tpadding-left: 15px;\r\n\tpadding-right: 15px;\r\n}\r\n#wpsm_accordion_647  .wpsm_panel {\r\n\toverflow:hidden;\r\n\t-webkit-box-shadow: 0 0px 0px rgba(0, 0, 0, .05);\r\n\tbox-shadow: 0 0px 0px rgba(0, 0, 0, .05);\r\n\t\tborder-radius: 4px;\r\n\t}\r\n#wpsm_accordion_647  .wpsm_panel + .wpsm_panel {\r\n\t\tmargin-top: 5px;\r\n\t}\r\n#wpsm_accordion_647  .wpsm_panel-body{\r\n\tbackground-color:#ffffff !important;\r\n\tcolor:#000000 !important;\r\n\tborder-top-color: #e8e8e8 !important;\r\n\tfont-size:18px !important;\r\n\tfont-family: Open Sans !important;\r\n\toverflow: hidden;\r\n\t\tborder: 2px solid #e8e8e8 !important;\r\n\t}\r\n\r\n#wpsm_accordion_647 .ac_open_cl_icon{\r\n\tbackground-color:#e8e8e8 !important;\r\n\tcolor: #ff0060 !important;\r\n\tfloat:left !important;\r\n\tpadding-top: 12px !important;\r\n\tpadding-bottom: 12px !important;\r\n\tline-height: 1.0 !important;\r\n\tpadding-left: 15px !important;\r\n\tpadding-right: 15px !important;\r\n\tdisplay: inline-block !important;\r\n}\r\n\r\n\t\t\t #wpsm_accordion_647 .wpsm_panel-heading {\r\n\t\t\t\tbackground-image: url(https:\/\/sebastiancatana.ro\/wp-content\/plugins\/responsive-accordion-and-collapse\/img\/style-soft.png);\r\n\t\t\t\tbackground-position: 0 0;\r\n\t\t\t\tbackground-repeat: repeat-x;\r\n\t\t\t}\r\n\t\t\t#wpsm_accordion_647 .ac_open_cl_icon{\r\n\t\t\t\tbackground-image: url(https:\/\/sebastiancatana.ro\/wp-content\/plugins\/responsive-accordion-and-collapse\/img\/style-soft.png);\r\n\t\t\t\tbackground-position: 0 0;\r\n\t\t\t\tbackground-repeat: repeat-x;\r\n\t\t\t}\r\n\t\t\t<\/style>\t\r\n\t\t\t<\/style>\r\n\t\t\t<div class=\"wpsm_panel-group\" id=\"wpsm_accordion_647\" >\r\n\t\t\t\t\t\t\t\t\r\n\t\t\t\t\t<!-- Inner panel Start -->\r\n\t\t\t\t\t<div class=\"wpsm_panel wpsm_panel-default\">\r\n\t\t\t\t\t\t<div class=\"wpsm_panel-heading\" role=\"tab\" >\r\n\t\t\t\t\t\t  <h4 class=\"wpsm_panel-title\">\r\n\t\t\t\t\t\t\t<a  class=\"\"  data-toggle=\"collapse\" data-parent=\"#wpsm_accordion_647 \" href=\"javascript:void(0)\" data-target=\"#ac_647_collapse1\" onclick=\"do_resize()\">\r\n\t\t\t\t\t\t\t\t\t\t\t\t\t\t\t\t\t<span class=\"ac_open_cl_icon fa fa-plus\"><\/span>\r\n\t\t\t\t\t\t\t\t\t\r\n\t\t\t\t\t\t\t\t \r\n\t\t\t\t\t\t\t\t<span class=\"ac_title_class\">\r\n\t\t\t\t\t\t\t\t\t\t\t\t\t\t\t\t\t\t\t\t<span style=\"margin-right:6px;\" class=\"fa fa-cogs\"><\/span>\r\n\t\t\t\t\t\t\t\t\tCUM COLABOR\u0102M\t\t\t\t\t\t\t\t<\/span>\r\n\t\t\t\t\t\t\t<\/a>\r\n\t\t\t\t\t\t  <\/h4>\r\n\t\t\t\t\t\t<\/div>\r\n\t\t\t\t\t\t<div id=\"ac_647_collapse1\" class=\"wpsm_panel-collapse collapse\"  >\r\n\t\t\t\t\t\t  <div class=\"wpsm_panel-body\">\r\n\t\t\t\t\t\t\t<ul>\r\n \t<li><span style=\"color: #3366ff\"><strong>\u00cemi transmite\u021bi re\u021betarul <\/strong><\/span> (ingrediente \u0219i gramaje pentru fiecare fel de m\u00e2ncare din meniu) \u0219i eventual poze la etichetele produselor folosite<\/li>\r\n \t<li><span style=\"color: #3366ff\"><strong>Primi\u021bi un dosar organizat<\/strong><\/span> cu fiecare fel de m\u00e2ncare \u00een parte \u0219i toate calculele \u0219i informa\u021biile aferente \u00een cel mai scurt timp posibil (negociabil), \u00een format electronic \u0219i fizic pe h\u00e2rtie, cu parafa de dietetician \u0219i semn\u0103tur\u0103 (prin curier pentru colabor\u0103ri la distan\u021b\u0103).<\/li>\r\n \t<li>La cerere, pot realiza un format de <span style=\"color: #3366ff\"><strong>meniu gata de imprimat<\/strong><\/span><span style=\"font-size: 16px\">, care con\u021bine toate informa\u021biile necesare, pe care \u00eel pute\u021bi avea la loca\u021bie, conform legii.<\/span><\/li>\r\n \t<li><em style=\"font-size: 16px\">*<strong>Op\u021bional putem semna un contract de confiden\u021bialitate<\/strong> care va proteja dreptul intelectual asupra re\u021betelor dvs. V\u0103 asigur c\u0103 pun pre\u021b pe natura informa\u021biilor, \u00een\u021beleg \u0219i respect modul \u00een care func\u021bioneaz\u0103 industria HORECA<\/em><\/li>\r\n<\/ul>\t\t\t\t\t\t  <\/div>\r\n\t\t\t\t\t\t<\/div>\r\n\t\t\t\t\t<\/div>\r\n\t\t\t\t\t<!-- Inner panel End -->\r\n\t\t\t\t\t\r\n\t\t\t\t\t\t\t\t\r\n\t\t\t\t\t<!-- Inner panel Start -->\r\n\t\t\t\t\t<div class=\"wpsm_panel wpsm_panel-default\">\r\n\t\t\t\t\t\t<div class=\"wpsm_panel-heading\" role=\"tab\" >\r\n\t\t\t\t\t\t  <h4 class=\"wpsm_panel-title\">\r\n\t\t\t\t\t\t\t<a  class=\"collapsed\"  data-toggle=\"collapse\" data-parent=\"#wpsm_accordion_647 \" href=\"javascript:void(0)\" data-target=\"#ac_647_collapse2\" onclick=\"do_resize()\">\r\n\t\t\t\t\t\t\t\t\t\t\t\t\t\t\t\t\t<span class=\"ac_open_cl_icon fa fa-plus\"><\/span>\r\n\t\t\t\t\t\t\t\t\t\r\n\t\t\t\t\t\t\t\t \r\n\t\t\t\t\t\t\t\t<span class=\"ac_title_class\">\r\n\t\t\t\t\t\t\t\t\t\t\t\t\t\t\t\t\t\t\t\t<span style=\"margin-right:6px;\" class=\"fa fa-money\"><\/span>\r\n\t\t\t\t\t\t\t\t\tPRE\u021aUL\t\t\t\t\t\t\t\t<\/span>\r\n\t\t\t\t\t\t\t<\/a>\r\n\t\t\t\t\t\t  <\/h4>\r\n\t\t\t\t\t\t<\/div>\r\n\t\t\t\t\t\t<div id=\"ac_647_collapse2\" class=\"wpsm_panel-collapse collapse\"  >\r\n\t\t\t\t\t\t  <div class=\"wpsm_panel-body\">\r\n\t\t\t\t\t\t\tPre\u021bul va fi calculat \u00een func\u021bie de:\r\n<ol>\r\n \t<li>M\u0103rimea meniului (num\u0103rul de re\u021bete sub sau peste 30 re\u021bete)<\/li>\r\n \t<li>Complexitatea re\u021betelor va lua \u00een calcul urm\u0103toarele 2 tipuri:\r\n<ul>\r\n \t<li><strong>Re\u021bete simple. <\/strong>Re\u021bete cu p\u00e2n\u0103 la 3 ingrediente. Exemple: cartofi piure, cafea cu lapte, salat\u0103 de ro\u0219ii (ro\u0219ii, ulei, o\u021bet), fic\u0103\u021bei cu ceap\u0103 (fic\u0103\u021bei, ceap\u0103, ulei), piept de pui la gr\u0103tar; vin alb sec; cartofi natur; fresh de portocale.<\/li>\r\n \t<li><strong>Re\u021bete complexe. <\/strong>Re\u021bete cu peste 3 ingrediente. Exemple: burger, pizza, \u0219ni\u021bel de pui (piept de pui, f\u0103in\u0103, pesmet, ou, ulei), etc.<\/li>\r\n<\/ul>\r\n<\/li>\r\n<\/ol>\r\n<em>*aditivii \u0219i condimentele nu se iau \u00een calcul<\/em>\t\t\t\t\t\t  <\/div>\r\n\t\t\t\t\t\t<\/div>\r\n\t\t\t\t\t<\/div>\r\n\t\t\t\t\t<!-- Inner panel End -->\r\n\t\t\t\t\t\r\n\t\t\t\t\t\t\t\t\r\n\t\t\t\t\t<!-- Inner panel Start -->\r\n\t\t\t\t\t<div class=\"wpsm_panel wpsm_panel-default\">\r\n\t\t\t\t\t\t<div class=\"wpsm_panel-heading\" role=\"tab\" >\r\n\t\t\t\t\t\t  <h4 class=\"wpsm_panel-title\">\r\n\t\t\t\t\t\t\t<a  class=\"collapsed\"  data-toggle=\"collapse\" data-parent=\"#wpsm_accordion_647 \" href=\"javascript:void(0)\" data-target=\"#ac_647_collapse3\" onclick=\"do_resize()\">\r\n\t\t\t\t\t\t\t\t\t\t\t\t\t\t\t\t\t<span class=\"ac_open_cl_icon fa fa-plus\"><\/span>\r\n\t\t\t\t\t\t\t\t\t\r\n\t\t\t\t\t\t\t\t \r\n\t\t\t\t\t\t\t\t<span class=\"ac_title_class\">\r\n\t\t\t\t\t\t\t\t\t\t\t\t\t\t\t\t\t\t\t\t<span style=\"margin-right:6px;\" class=\"fa fa-group\"><\/span>\r\n\t\t\t\t\t\t\t\t\tCUI SE APLIC\u0102\t\t\t\t\t\t\t\t<\/span>\r\n\t\t\t\t\t\t\t<\/a>\r\n\t\t\t\t\t\t  <\/h4>\r\n\t\t\t\t\t\t<\/div>\r\n\t\t\t\t\t\t<div id=\"ac_647_collapse3\" class=\"wpsm_panel-collapse collapse\"  >\r\n\t\t\t\t\t\t  <div class=\"wpsm_panel-body\">\r\n\t\t\t\t\t\t\tConform comunicatului de pres\u0103 din 12 noiembrie 2022, publicat pe situl ANPC, unit\u0103\u021bile cu v\u00e2nzare direct\u0103 \u0219i\/sau la distan\u021b\u0103, c\u0103rora li se aplic\u0103 prevederile Ordinului nr.201\/2022, f\u0103r\u0103 a se limita, sunt:\r\n<ul>\r\n \t<li>Restaurante (clasice, specializate, cantine-restaurant, cu autoservire etc.)<\/li>\r\n \t<li>Braserii<\/li>\r\n \t<li>Pizzerii<\/li>\r\n \t<li>Ber\u0103rii<\/li>\r\n \t<li>Baruri<\/li>\r\n \t<li>Cafenele<\/li>\r\n \t<li>Fast-food inclusiv drive-in<\/li>\r\n \t<li>Unit\u0103\u021bi tip bufet,rotiserii<\/li>\r\n \t<li>Unit\u0103\u021bi cofet\u0103rie, patiserie<\/li>\r\n \t<li>Ceain\u0103rii<\/li>\r\n \t<li>Terase\/gr\u0103dini de var\u0103<\/li>\r\n \t<li>Unit\u0103\u021bi pentru organizare evenimente<\/li>\r\n<\/ul>\t\t\t\t\t\t  <\/div>\r\n\t\t\t\t\t\t<\/div>\r\n\t\t\t\t\t<\/div>\r\n\t\t\t\t\t<!-- Inner panel End -->\r\n\t\t\t\t\t\r\n\t\t\t\t\t\t\t\t\r\n\t\t\t\t\t<!-- Inner panel Start -->\r\n\t\t\t\t\t<div class=\"wpsm_panel wpsm_panel-default\">\r\n\t\t\t\t\t\t<div class=\"wpsm_panel-heading\" role=\"tab\" >\r\n\t\t\t\t\t\t  <h4 class=\"wpsm_panel-title\">\r\n\t\t\t\t\t\t\t<a  class=\"collapsed\"  data-toggle=\"collapse\" data-parent=\"#wpsm_accordion_647 \" href=\"javascript:void(0)\" data-target=\"#ac_647_collapse4\" onclick=\"do_resize()\">\r\n\t\t\t\t\t\t\t\t\t\t\t\t\t\t\t\t\t<span class=\"ac_open_cl_icon fa fa-plus\"><\/span>\r\n\t\t\t\t\t\t\t\t\t\r\n\t\t\t\t\t\t\t\t \r\n\t\t\t\t\t\t\t\t<span class=\"ac_title_class\">\r\n\t\t\t\t\t\t\t\t\t\t\t\t\t\t\t\t\t\t\t\t<span style=\"margin-right:6px;\" class=\"fa fa-clock-o\"><\/span>\r\n\t\t\t\t\t\t\t\t\tDATA LIMIT\u0102\t\t\t\t\t\t\t\t<\/span>\r\n\t\t\t\t\t\t\t<\/a>\r\n\t\t\t\t\t\t  <\/h4>\r\n\t\t\t\t\t\t<\/div>\r\n\t\t\t\t\t\t<div id=\"ac_647_collapse4\" class=\"wpsm_panel-collapse collapse\"  >\r\n\t\t\t\t\t\t  <div class=\"wpsm_panel-body\">\r\n\t\t\t\t\t\t\tInitial termenul limit\u0103 pentru aplicarea acestor m\u0103suri a fost luna decembrie 2022, acest termen fiind prelungit ulterior p\u00e2n\u0103 la data de <span style=\"text-decoration: underline\"><strong>15 martie 2023<\/strong><\/span>.\t\t\t\t\t\t  <\/div>\r\n\t\t\t\t\t\t<\/div>\r\n\t\t\t\t\t<\/div>\r\n\t\t\t\t\t<!-- Inner panel End -->\r\n\t\t\t\t\t\r\n\t\t\t\t\t\t\t\t\r\n\t\t\t\t\t<!-- Inner panel Start -->\r\n\t\t\t\t\t<div class=\"wpsm_panel wpsm_panel-default\">\r\n\t\t\t\t\t\t<div class=\"wpsm_panel-heading\" role=\"tab\" >\r\n\t\t\t\t\t\t  <h4 class=\"wpsm_panel-title\">\r\n\t\t\t\t\t\t\t<a  class=\"collapsed\"  data-toggle=\"collapse\" data-parent=\"#wpsm_accordion_647 \" href=\"javascript:void(0)\" data-target=\"#ac_647_collapse5\" onclick=\"do_resize()\">\r\n\t\t\t\t\t\t\t\t\t\t\t\t\t\t\t\t\t<span class=\"ac_open_cl_icon fa fa-plus\"><\/span>\r\n\t\t\t\t\t\t\t\t\t\r\n\t\t\t\t\t\t\t\t \r\n\t\t\t\t\t\t\t\t<span class=\"ac_title_class\">\r\n\t\t\t\t\t\t\t\t\t\t\t\t\t\t\t\t\t\t\t\t<span style=\"margin-right:6px;\" class=\"fa fa-map-marker\"><\/span>\r\n\t\t\t\t\t\t\t\t\tUNDE SE AFI\u0218EAZ\u0102 INFORMA\u021aIILE?\t\t\t\t\t\t\t\t<\/span>\r\n\t\t\t\t\t\t\t<\/a>\r\n\t\t\t\t\t\t  <\/h4>\r\n\t\t\t\t\t\t<\/div>\r\n\t\t\t\t\t\t<div id=\"ac_647_collapse5\" class=\"wpsm_panel-collapse collapse\"  >\r\n\t\t\t\t\t\t  <div class=\"wpsm_panel-body\">\r\n\t\t\t\t\t\t\tDetaliile nutri\u021bionale se includ:\r\n<ul>\r\n \t<li>Pe meniu, suporturi la locul de desfacere\/oferire a acestui\/acestei produs\/ m\u00e2nc\u0103ri<\/li>\r\n \t<li>Pe suportul de v\u00e2nzare la distan\u021b\u0103<\/li>\r\n \t<li>Pe eticheta de pre\u021b sau ambalajul de transport<\/li>\r\n \t<li>Pe orice material publicitar<\/li>\r\n \t<li>\u00cen cazul comercializ\u0103rii la distan\u021b\u0103 (livr\u0103ri), informa\u021biile trebuie s\u0103 fie vizibile \u0219i \u00eenainte de finalizarea comenzii (pe website-ul propriu sau platforma unde se face comanda)<\/li>\r\n<\/ul>\t\t\t\t\t\t  <\/div>\r\n\t\t\t\t\t\t<\/div>\r\n\t\t\t\t\t<\/div>\r\n\t\t\t\t\t<!-- Inner panel End -->\r\n\t\t\t\t\t\r\n\t\t\t\t\t\t\t\t\r\n\t\t\t\t\t<!-- Inner panel Start -->\r\n\t\t\t\t\t<div class=\"wpsm_panel wpsm_panel-default\">\r\n\t\t\t\t\t\t<div class=\"wpsm_panel-heading\" role=\"tab\" >\r\n\t\t\t\t\t\t  <h4 class=\"wpsm_panel-title\">\r\n\t\t\t\t\t\t\t<a  class=\"collapsed\"  data-toggle=\"collapse\" data-parent=\"#wpsm_accordion_647 \" href=\"javascript:void(0)\" data-target=\"#ac_647_collapse6\" onclick=\"do_resize()\">\r\n\t\t\t\t\t\t\t\t\t\t\t\t\t\t\t\t\t<span class=\"ac_open_cl_icon fa fa-plus\"><\/span>\r\n\t\t\t\t\t\t\t\t\t\r\n\t\t\t\t\t\t\t\t \r\n\t\t\t\t\t\t\t\t<span class=\"ac_title_class\">\r\n\t\t\t\t\t\t\t\t\t\t\t\t\t\t\t\t\t\t\t\t<span style=\"margin-right:6px;\" class=\"fa fa-laptop\"><\/span>\r\n\t\t\t\t\t\t\t\t\tCE INFORMA\u021aII TREBUIESC AFI\u0218ATE?\t\t\t\t\t\t\t\t<\/span>\r\n\t\t\t\t\t\t\t<\/a>\r\n\t\t\t\t\t\t  <\/h4>\r\n\t\t\t\t\t\t<\/div>\r\n\t\t\t\t\t\t<div id=\"ac_647_collapse6\" class=\"wpsm_panel-collapse collapse\"  >\r\n\t\t\t\t\t\t  <div class=\"wpsm_panel-body\">\r\n\t\t\t\t\t\t\tO explica\u021bie simpl\u0103: pentru fiecare fel de m\u00e2ncare se afi\u0219eaz\u0103 ingredientele, energia furnizat\u0103 (kcal\/kj), macronutrien\u021bii, dar \u0219i diverse alte detalii (precum gr\u0103simile saturate, sarea, zaharurile, aditivi, alergeni, alimente congelate) \u00een a\u0219a fel \u00eenc\u00e2t s\u0103 se respecte prevederile art. 30 din Regulamentul UE nr. 1169\/2011.\t\t\t\t\t\t  <\/div>\r\n\t\t\t\t\t\t<\/div>\r\n\t\t\t\t\t<\/div>\r\n\t\t\t\t\t<!-- Inner panel End -->\r\n\t\t\t\t\t\r\n\t\t\t\t\t\t\t\t\r\n\t\t\t\t\t<!-- Inner panel Start -->\r\n\t\t\t\t\t<div class=\"wpsm_panel wpsm_panel-default\">\r\n\t\t\t\t\t\t<div class=\"wpsm_panel-heading\" role=\"tab\" >\r\n\t\t\t\t\t\t  <h4 class=\"wpsm_panel-title\">\r\n\t\t\t\t\t\t\t<a  class=\"collapsed\"  data-toggle=\"collapse\" data-parent=\"#wpsm_accordion_647 \" href=\"javascript:void(0)\" data-target=\"#ac_647_collapse7\" onclick=\"do_resize()\">\r\n\t\t\t\t\t\t\t\t\t\t\t\t\t\t\t\t\t<span class=\"ac_open_cl_icon fa fa-plus\"><\/span>\r\n\t\t\t\t\t\t\t\t\t\r\n\t\t\t\t\t\t\t\t \r\n\t\t\t\t\t\t\t\t<span class=\"ac_title_class\">\r\n\t\t\t\t\t\t\t\t\t\t\t\t\t\t\t\t\t\t\t\t<span style=\"margin-right:6px;\" class=\"fa fa-crosshairs\"><\/span>\r\n\t\t\t\t\t\t\t\t\tMOTIVA\u021aIE\t\t\t\t\t\t\t\t<\/span>\r\n\t\t\t\t\t\t\t<\/a>\r\n\t\t\t\t\t\t  <\/h4>\r\n\t\t\t\t\t\t<\/div>\r\n\t\t\t\t\t\t<div id=\"ac_647_collapse7\" class=\"wpsm_panel-collapse collapse\"  >\r\n\t\t\t\t\t\t  <div class=\"wpsm_panel-body\">\r\n\t\t\t\t\t\t\tDin perspectiva conducerii unei afaceri HORECA, aceast\u0103 decizie a Autorit\u0103\u021bii Na\u021bionale pentru Protec\u021bia Consumatorului poate s\u0103 par\u0103 o povar\u0103 \u0219i o cheltuial\u0103 f\u0103r\u0103 sens. Ei bine, dragi colaboratori, v\u0103 informez c\u0103 nu este. Haide\u021bi s\u0103 \u00een\u021belegem \u00eempreun\u0103 leg\u0103tura cu s\u0103n\u0103tatea consumatorului, adic\u0103 a noastr\u0103, ca \u0219i societate.\r\n<ol>\r\n \t<li>Alimentele hipercalorice (\u00een special cele procesate) stau la baza epidemiei mondiale de obezitate. Obezitatea st\u0103 la baza unor boli precum diabetul, boli cardiovasculare (ex: infarc) - principala cauz\u0103 de deces \u00een Europa \u0219i \u00een lumea industrializat\u0103, afec\u021biuni renale, \u0219i altele. Toate institu\u021biile \u0219i autorit\u0103\u021bile \u00een nutri\u021bie \u0219i s\u0103n\u0103tate din lume sunt de acord cu acest argument. Astfel, estimarea mai atent\u0103 a caloriilor (necesarul energetic zilnic) este nu doar util\u0103, ci necesar\u0103 \u0219i esen\u021bial\u0103.<\/li>\r\n \t<li>Ultimele decenii de cercet\u0103ri \u0219tiin\u021bifice \u00een domeniul nutri\u021biei au scos la iveal\u0103 anumite adev\u0103ruri cu privire la unele ingrediente din industria alimentar\u0103. Spre exemplu:<\/li>\r\n<\/ol>\r\n<ul>\r\n \t<li>nitri\u021bii, folosi\u021bi \u00een industria mezelurilor, sunt corela\u021bi cu un risc crescut de cancer de colon;<\/li>\r\n \t<li>gr\u0103simile nesaturate trans, prezente \u00een margarin\u0103, creme \u0219i gr\u0103simi vegetale par\u021bial hidrogenate (folosite la creme, biscui\u021bi etc), folosite \u00een industria patiseriei \u0219i cofet\u0103riei (dar \u0219i multe altele) sunt corelate cu un risc crescut de boli cardiovasculare \u0219i demen\u021b\u0103 de tip Alzheimer, fiind limitate strict prin lege, \u00een \u021b\u0103ri precum Danemarca, \u00eenc\u0103 din 2003;<\/li>\r\n \t<li>consumul de gr\u0103simi saturate \u00een exces (peste limita recomandat\u0103 de OMS de 10% din necesarul energetic) se coreleaz\u0103 cu dezvoltarea pl\u0103cilor de aterom \u0219i cre\u0219te riscul de infarct \u0219i como\u021bie cerebral\u0103;<\/li>\r\n \t<li>sodiul (sarea) \u00een exces poate cauza sau agrava hipertensiunea arterial\u0103;<\/li>\r\n<\/ul>\r\n<strong>Iat\u0103, deci cum industria HORECA (\u00een colaborare cu ANPC \u0219i speciali\u0219tii \u00een nutri\u021bie \u0219i dietetic\u0103 din Rom\u00e2nia), printr-un efort relativ minor \u00een compara\u021bie cu beneficiile, poate avea un efect major \u00een sensul \u00eembun\u0103t\u0103\u021birii s\u0103n\u0103t\u0103\u021bii popula\u021biei.<\/strong>\t\t\t\t\t\t  <\/div>\r\n\t\t\t\t\t\t<\/div>\r\n\t\t\t\t\t<\/div>\r\n\t\t\t\t\t<!-- Inner panel End -->\r\n\t\t\t\t\t\r\n\t\t\t\t\t\t\t<\/div>\r\n\t\t\t\r\n<script type=\"text\/javascript\">\r\n\t\r\n\t\tfunction do_resize(){\r\n\r\n\t\t\tvar width=jQuery( '.wpsm_panel .wpsm_panel-body iframe' ).width();\r\n\t\t\tvar height=jQuery( '.wpsm_panel .wpsm_panel-body iframe' ).height();\r\n\r\n\t\t\tvar toggleSize = true;\r\n\t\t\tjQuery('iframe').animate({\r\n\t\t\t    width: toggleSize ? width : 640,\r\n\t\t\t    height: toggleSize ? height : 360\r\n\t\t\t  }, 250);\r\n\r\n\t\t\t  toggleSize = !toggleSize;\r\n\t\t}\r\n\t\t\r\n<\/script>","protected":false},"excerpt":{"rendered":"","protected":false},"author":1,"featured_media":665,"parent":0,"menu_order":0,"comment_status":"closed","ping_status":"closed","template":"","meta":{"_monsterinsights_skip_tracking":false,"_monsterinsights_sitenote_active":false,"_monsterinsights_sitenote_note":"","_monsterinsights_sitenote_category":0,"site-sidebar-layout":"default","site-content-layout":"","ast-site-content-layout":"","site-content-style":"default","site-sidebar-style":"default","ast-global-header-display":"","ast-banner-title-visibility":"","ast-main-header-display":"","ast-hfb-above-header-display":"","ast-hfb-below-header-display":"","ast-hfb-mobile-header-display":"","site-post-title":"","ast-breadcrumbs-content":"","ast-featured-img":"","footer-sml-layout":"","theme-transparent-header-meta":"","adv-header-id-meta":"","stick-header-meta":"","header-above-stick-meta":"","header-main-stick-meta":"","header-below-stick-meta":"","astra-migrate-meta-layouts":"","footnotes":""},"class_list":["post-630","page","type-page","status-publish","has-post-thumbnail","hentry"],"_links":{"self":[{"href":"https:\/\/sebastiancatana.ro\/en\/wp-json\/wp\/v2\/pages\/630","targetHints":{"allow":["GET"]}}],"collection":[{"href":"https:\/\/sebastiancatana.ro\/en\/wp-json\/wp\/v2\/pages"}],"about":[{"href":"https:\/\/sebastiancatana.ro\/en\/wp-json\/wp\/v2\/types\/page"}],"author":[{"embeddable":true,"href":"https:\/\/sebastiancatana.ro\/en\/wp-json\/wp\/v2\/users\/1"}],"replies":[{"embeddable":true,"href":"https:\/\/sebastiancatana.ro\/en\/wp-json\/wp\/v2\/comments?post=630"}],"version-history":[{"count":20,"href":"https:\/\/sebastiancatana.ro\/en\/wp-json\/wp\/v2\/pages\/630\/revisions"}],"predecessor-version":[{"id":669,"href":"https:\/\/sebastiancatana.ro\/en\/wp-json\/wp\/v2\/pages\/630\/revisions\/669"}],"wp:featuredmedia":[{"embeddable":true,"href":"https:\/\/sebastiancatana.ro\/en\/wp-json\/wp\/v2\/media\/665"}],"wp:attachment":[{"href":"https:\/\/sebastiancatana.ro\/en\/wp-json\/wp\/v2\/media?parent=630"}],"curies":[{"name":"wp","href":"https:\/\/api.w.org\/{rel}","templated":true}]}}