{"id":615,"date":"2023-01-03T20:36:09","date_gmt":"2023-01-03T18:36:09","guid":{"rendered":"https:\/\/sebastiancatana.ro\/?page_id=615"},"modified":"2025-10-07T01:59:36","modified_gmt":"2025-10-06T22:59:36","slug":"servicii","status":"publish","type":"page","link":"https:\/\/sebastiancatana.ro\/en\/servicii\/","title":{"rendered":"Servicii"},"content":{"rendered":"<img fetchpriority=\"high\" decoding=\"async\" src=\"https:\/\/sebastiancatana.ro\/wp-content\/uploads\/2023\/01\/friend-1-300x300.png\" alt=\"friend (1)\" itemprop=\"image\" height=\"300\" width=\"300\" title=\"friend (1)\" onerror=\"this.style.display='none'\"  \/>\n\t<h3>1. Consiliere nutri\u021bional\u0103 individual\u0103<\/h3>\n<p>Strategii nutri\u021bionale pentru:<\/p>\n<ul>\n<li><a href=\"https:\/\/metasana.ro\">Optimizarea masei \u0219i compozi\u021biei corporale (&#8222;sl\u0103bit&#8221;) &#8211; vezi programul META SANA (link)<\/a><\/li>\n<li>Corectarea deficien\u021belor nutri\u021bionale (fier, B12, fola\u021bi, etc);<\/li>\n<li>\u00cembun\u0103t\u0103\u021birea profilului lipidic (LDL colesterol, HDL colest, ApoB, trigliceride);<\/li>\n<li>Reglarea hipertensiunii arteriale \u0219i reducerea riscului pentru evenimente cardiovasculare; strategii nutri\u021bionale complementare tratamentelor pentru afec\u021biuni cardiovasculare;<\/li>\n<li>Managementul diabetului \u0219i prevenirea complica\u021biilor;<\/li>\n<li>Diete specifice pentru probleme\/afec\u021biuni specifice: gut\u0103, afec\u021biuni renale, hipertensiune \u0219i afec\u021biuni cardiovasculare, boli inflamatorii ale sistemului digestiv (colit\u0103 ulcerativ\u0103, boala Crohn), ficat gras nonalcoolic, etc.<\/li>\n<\/ul>\n\t\t\t\t<img decoding=\"async\" src=\"https:\/\/sebastiancatana.ro\/wp-content\/uploads\/2023\/01\/reception-bell-300x300.png\" alt=\"reception-bell\" itemprop=\"image\" height=\"300\" width=\"300\" title=\"reception-bell\" onerror=\"this.style.display='none'\"  \/>\n\t<h3>2. Colabor\u0103ri HORECA<\/h3>\n<ul>\n<li><a href=\"https:\/\/sebastiancatana.ro\/en\/ordinului-anpc-201-2022\/\">Implementarea Ordinului ANPC nr. 201 din 19 aprilie 2022 privind informarea consumatorilor cu privire la produsele alimentare, pe baza Regulamentului UE nr 1.169\/2011; (descriere &#8211; link);<\/a><\/li>\n<li>Compunerea meniului \u0219i a re\u021betarului dac\u0103 lipse\u0219te (cu valori nete \u0219i brute pt fiecare ingredient);<\/li>\n<li>Alc\u0103tuirea de re\u021bete cu specific dietetic (op\u021bional \u00een colaborare cu buc\u0103tarul clientului) pentru atragerea\/deservirea segmentului de pia\u021b\u0103 aferent;<\/li>\n<li>Perfec\u021bionarea\/optimizarea re\u021betelor curente pentru respectarea unor principii nutri\u021bionale de baz\u0103 ce definesc o alimenta\u021bie s\u0103n\u0103toas\u0103;<\/li>\n<li>Calculul costului cu materia prim\u0103 per re\u021bet\u0103, lu\u00e2nd \u00een calcul pre\u021burile pie\u021bei, pierderile de materie prim\u0103, modific\u0103rile fiec\u0103rui aliment la g\u0103tire, \u0219i al\u021bi parametri;<\/li>\n<li>Alte colabor\u0103ri (creator Sapiens Smart Food \u0219i NutriFood &#8211; livrare de seturi a c\u00e2te 3-5 mese\/zi).<\/li>\n<\/ul>\n\t\t\t\t<img decoding=\"async\" src=\"https:\/\/sebastiancatana.ro\/wp-content\/uploads\/2023\/01\/social-care-300x300.png\" alt=\"social-care\" itemprop=\"image\" height=\"300\" width=\"300\" title=\"social-care\" onerror=\"this.style.display='none'\"  \/>\n\t<h3>3. Nutri\u021bie administrativ\u0103<\/h3>\n<ul>\n<li>\u00centocmirea de meniuri \u0219i re\u021betare pentru gr\u0103dini\u021be, c\u0103mine de b\u0103tr\u00e2ni etc, conforme cu legile \u00een vigoare;<\/li>\n<li>\u00centocmirea anchetelor alimentare anuale obligatorii prin lege (ordinul MS 541\/2025) pentru unit\u0103\u021bi de \u00eenv\u0103\u021b\u0103m\u00e2nt \u0219colar \u0219i pre\u0219colar (gr\u0103dini\u021be);<\/li>\n<li>\u00cembun\u0103t\u0103\u021birea meniurilor prin aplicarea strategiilor \u0219i principiilor nutri\u021bionale adecvate categoriilor de beneficiari aferente (\u0219colari\/pre\u0219colari, v\u00e2rstnici, etc).<\/li>\n<\/ul>","protected":false},"excerpt":{"rendered":"<p>1. Consiliere nutri\u021bional\u0103 individual\u0103 Strategii nutri\u021bionale pentru: Optimizarea masei \u0219i compozi\u021biei corporale (&#8222;sl\u0103bit&#8221;) &#8211; vezi programul META SANA (link) Corectarea deficien\u021belor nutri\u021bionale (fier, B12, fola\u021bi, etc); \u00cembun\u0103t\u0103\u021birea profilului lipidic (LDL colesterol, HDL colest, ApoB, trigliceride); Reglarea hipertensiunii arteriale \u0219i reducerea riscului pentru evenimente cardiovasculare; strategii nutri\u021bionale complementare tratamentelor pentru afec\u021biuni cardiovasculare; Managementul diabetului \u0219i prevenirea &hellip;<\/p>\n<p class=\"read-more\"> <a class=\"\" href=\"https:\/\/sebastiancatana.ro\/en\/servicii\/\"> <span class=\"screen-reader-text\">Servicii<\/span> Read More &raquo;<\/a><\/p>","protected":false},"author":1,"featured_media":0,"parent":0,"menu_order":0,"comment_status":"closed","ping_status":"closed","template":"","meta":{"_monsterinsights_skip_tracking":false,"_monsterinsights_sitenote_active":false,"_monsterinsights_sitenote_note":"","_monsterinsights_sitenote_category":0,"site-sidebar-layout":"default","site-content-layout":"","ast-site-content-layout":"default","site-content-style":"default","site-sidebar-style":"default","ast-global-header-display":"","ast-banner-title-visibility":"","ast-main-header-display":"","ast-hfb-above-header-display":"","ast-hfb-below-header-display":"","ast-hfb-mobile-header-display":"","site-post-title":"","ast-breadcrumbs-content":"","ast-featured-img":"","footer-sml-layout":"","theme-transparent-header-meta":"","adv-header-id-meta":"","stick-header-meta":"","header-above-stick-meta":"","header-main-stick-meta":"","header-below-stick-meta":"","astra-migrate-meta-layouts":"set","footnotes":""},"class_list":["post-615","page","type-page","status-publish","hentry"],"_links":{"self":[{"href":"https:\/\/sebastiancatana.ro\/en\/wp-json\/wp\/v2\/pages\/615","targetHints":{"allow":["GET"]}}],"collection":[{"href":"https:\/\/sebastiancatana.ro\/en\/wp-json\/wp\/v2\/pages"}],"about":[{"href":"https:\/\/sebastiancatana.ro\/en\/wp-json\/wp\/v2\/types\/page"}],"author":[{"embeddable":true,"href":"https:\/\/sebastiancatana.ro\/en\/wp-json\/wp\/v2\/users\/1"}],"replies":[{"embeddable":true,"href":"https:\/\/sebastiancatana.ro\/en\/wp-json\/wp\/v2\/comments?post=615"}],"version-history":[{"count":16,"href":"https:\/\/sebastiancatana.ro\/en\/wp-json\/wp\/v2\/pages\/615\/revisions"}],"predecessor-version":[{"id":742,"href":"https:\/\/sebastiancatana.ro\/en\/wp-json\/wp\/v2\/pages\/615\/revisions\/742"}],"wp:attachment":[{"href":"https:\/\/sebastiancatana.ro\/en\/wp-json\/wp\/v2\/media?parent=615"}],"curies":[{"name":"wp","href":"https:\/\/api.w.org\/{rel}","templated":true}]}}